{"id":424,"date":"2021-08-14T13:23:14","date_gmt":"2021-08-14T13:23:14","guid":{"rendered":"https:\/\/vivetlasrozas.com\/?page_id=424"},"modified":"2023-12-17T11:51:02","modified_gmt":"2023-12-17T11:51:02","slug":"dermatologia","status":"publish","type":"page","link":"https:\/\/vivetlasrozas.com\/index.php\/dermatologia\/","title":{"rendered":"Dermatolog\u00eda"},"content":{"rendered":"\t\t<div data-elementor-type=\"wp-page\" data-elementor-id=\"424\" class=\"elementor elementor-424\" data-elementor-post-type=\"page\">\n\t\t\t\t\t\t<section class=\"elementor-section elementor-top-section elementor-element elementor-element-279b1747 elementor-section-boxed elementor-section-height-default elementor-section-height-default\" data-id=\"279b1747\" data-element_type=\"section\" data-e-type=\"section\">\n\t\t\t\t\t\t<div class=\"elementor-container elementor-column-gap-default\">\n\t\t\t\t\t<div class=\"elementor-column elementor-col-100 elementor-top-column elementor-element elementor-element-4de05672\" data-id=\"4de05672\" data-element_type=\"column\" data-e-type=\"column\">\n\t\t\t<div class=\"elementor-widget-wrap elementor-element-populated\">\n\t\t\t\t\t\t<div class=\"elementor-element elementor-element-150998fd elementor-widget elementor-widget-spacer\" data-id=\"150998fd\" data-element_type=\"widget\" data-e-type=\"widget\" data-widget_type=\"spacer.default\">\n\t\t\t\t<div class=\"elementor-widget-container\">\n\t\t\t\t\t\t\t<div class=\"elementor-spacer\">\n\t\t\t<div class=\"elementor-spacer-inner\"><\/div>\n\t\t<\/div>\n\t\t\t\t\t\t<\/div>\n\t\t\t\t<\/div>\n\t\t\t\t\t<\/div>\n\t\t<\/div>\n\t\t\t\t\t<\/div>\n\t\t<\/section>\n\t\t\t\t<section class=\"elementor-section elementor-top-section elementor-element elementor-element-20e0a44b elementor-section-full_width elementor-section-height-min-height elementor-section-items-stretch elementor-section-content-bottom elementor-section-height-default\" data-id=\"20e0a44b\" data-element_type=\"section\" data-e-type=\"section\">\n\t\t\t\t\t\t<div class=\"elementor-container elementor-column-gap-no\">\n\t\t\t\t\t<div class=\"elementor-column elementor-col-66 elementor-top-column elementor-element elementor-element-410da456 animated-slow elementor-invisible\" data-id=\"410da456\" data-element_type=\"column\" data-e-type=\"column\" data-settings=\"{&quot;background_background&quot;:&quot;classic&quot;,&quot;animation&quot;:&quot;fadeInLeft&quot;}\">\n\t\t\t<div class=\"elementor-widget-wrap elementor-element-populated\">\n\t\t\t\t\t\t<div class=\"elementor-element elementor-element-6d171674 animated-slow elementor-invisible elementor-widget elementor-widget-heading\" data-id=\"6d171674\" data-element_type=\"widget\" data-e-type=\"widget\" data-settings=\"{&quot;_animation&quot;:&quot;zoomIn&quot;}\" data-widget_type=\"heading.default\">\n\t\t\t\t<div class=\"elementor-widget-container\">\n\t\t\t\t\t<h1 class=\"elementor-heading-title elementor-size-default\">Dermatolog\u00eda<\/h1>\t\t\t\t<\/div>\n\t\t\t\t<\/div>\n\t\t\t\t<div class=\"elementor-element elementor-element-467ad41f elementor-widget__width-initial elementor-invisible elementor-widget elementor-widget-text-editor\" data-id=\"467ad41f\" data-element_type=\"widget\" data-e-type=\"widget\" data-settings=\"{&quot;_animation&quot;:&quot;fadeInUp&quot;}\" data-widget_type=\"text-editor.default\">\n\t\t\t\t<div class=\"elementor-widget-container\">\n\t\t\t\t\t\t\t\t\t<p><span style=\"color: #ffffff;\">Nuestras mascotas al igual que nosotros cada vez requieren de un mayor cuidado de la piel.<\/span><\/p><p><span style=\"color: #ffffff;\">Las mascotas presentan cuadros cl\u00ednicos cut\u00e1neos similares a los de los humanos, entre ellos: reacciones al\u00e9rgicas, picores, ca\u00edda del pelo, seborrea o dermatitis at\u00f3pica.<\/span><\/p><p><span style=\"color: #ffffff;\">Adem\u00e1s, tambi\u00e9n es frecuente que nuestros animales tengan hongos, garrapatas, pulgas, piojos\u2026 que producen lesiones en la piel.<\/span><\/p>\t\t\t\t\t\t\t\t<\/div>\n\t\t\t\t<\/div>\n\t\t\t\t\t<\/div>\n\t\t<\/div>\n\t\t\t\t<div class=\"elementor-column elementor-col-33 elementor-top-column elementor-element elementor-element-4568141f\" data-id=\"4568141f\" data-element_type=\"column\" data-e-type=\"column\">\n\t\t\t<div class=\"elementor-widget-wrap elementor-element-populated\">\n\t\t\t\t\t\t<div class=\"elementor-element elementor-element-41b512c4 elementor-invisible elementor-widget elementor-widget-image\" data-id=\"41b512c4\" data-element_type=\"widget\" data-e-type=\"widget\" data-settings=\"{&quot;_animation&quot;:&quot;fadeInRight&quot;}\" data-widget_type=\"image.default\">\n\t\t\t\t<div class=\"elementor-widget-container\">\n\t\t\t\t\t\t\t\t\t\t\t\t\t\t\t<img fetchpriority=\"high\" decoding=\"async\" width=\"400\" height=\"400\" src=\"https:\/\/vivetlasrozas.com\/wp-content\/uploads\/2021\/10\/dermatologia.fw_.png\" class=\"attachment-full size-full wp-image-960\" alt=\"dermatolog\u00eda\" srcset=\"https:\/\/vivetlasrozas.com\/wp-content\/uploads\/2021\/10\/dermatologia.fw_.png 400w, https:\/\/vivetlasrozas.com\/wp-content\/uploads\/2021\/10\/dermatologia.fw_-300x300.png 300w, https:\/\/vivetlasrozas.com\/wp-content\/uploads\/2021\/10\/dermatologia.fw_-150x150.png 150w\" sizes=\"(max-width: 400px) 100vw, 400px\" \/>\t\t\t\t\t\t\t\t\t\t\t\t\t\t\t<\/div>\n\t\t\t\t<\/div>\n\t\t\t\t\t<\/div>\n\t\t<\/div>\n\t\t\t\t\t<\/div>\n\t\t<\/section>\n\t\t\t\t<section class=\"elementor-section elementor-top-section elementor-element elementor-element-a39a22c elementor-section-full_width elementor-section-height-default elementor-section-height-default\" data-id=\"a39a22c\" data-element_type=\"section\" data-e-type=\"section\">\n\t\t\t\t\t\t<div class=\"elementor-container elementor-column-gap-default\">\n\t\t\t\t\t<div class=\"elementor-column elementor-col-100 elementor-top-column elementor-element elementor-element-7801a1b elementor-invisible\" data-id=\"7801a1b\" data-element_type=\"column\" data-e-type=\"column\" data-settings=\"{&quot;background_background&quot;:&quot;gradient&quot;,&quot;animation&quot;:&quot;slideInRight&quot;}\">\n\t\t\t<div class=\"elementor-widget-wrap elementor-element-populated\">\n\t\t\t\t\t\t<div class=\"elementor-element elementor-element-7ef474a elementor-widget elementor-widget-heading\" data-id=\"7ef474a\" data-element_type=\"widget\" data-e-type=\"widget\" data-widget_type=\"heading.default\">\n\t\t\t\t<div class=\"elementor-widget-container\">\n\t\t\t\t\t<h2 class=\"elementor-heading-title elementor-size-default\">Problemas frecuentes<\/h2>\t\t\t\t<\/div>\n\t\t\t\t<\/div>\n\t\t\t\t\t<\/div>\n\t\t<\/div>\n\t\t\t\t\t<\/div>\n\t\t<\/section>\n\t\t\t\t<section class=\"elementor-section elementor-top-section elementor-element elementor-element-572e43dd elementor-section-full_width elementor-section-height-default elementor-section-height-default\" data-id=\"572e43dd\" data-element_type=\"section\" data-e-type=\"section\">\n\t\t\t\t\t\t<div class=\"elementor-container elementor-column-gap-default\">\n\t\t\t\t\t<div class=\"elementor-column elementor-col-100 elementor-top-column elementor-element elementor-element-3d90914b elementor-invisible\" data-id=\"3d90914b\" data-element_type=\"column\" data-e-type=\"column\" data-settings=\"{&quot;background_background&quot;:&quot;classic&quot;,&quot;animation&quot;:&quot;slideInRight&quot;}\">\n\t\t\t<div class=\"elementor-widget-wrap elementor-element-populated\">\n\t\t\t\t\t\t<div class=\"elementor-element elementor-element-79ad16e3 elementor-widget elementor-widget-text-editor\" data-id=\"79ad16e3\" data-element_type=\"widget\" data-e-type=\"widget\" data-widget_type=\"text-editor.default\">\n\t\t\t\t<div class=\"elementor-widget-container\">\n\t\t\t\t\t\t\t\t\t<p><span style=\"color: #ffffff;\">\u2013 Enfermedades al\u00e9rgicas<\/span><span style=\"color: #ffffff;\"><br \/><\/span><span style=\"color: #ffffff;\">\u2013 Picores y p\u00faritos<\/span><span style=\"color: #ffffff;\"><br \/><\/span><span style=\"color: #ffffff;\">\u2013 P\u00e9rdida de pelo o seborrea<\/span><span style=\"color: #ffffff;\"><br \/><\/span><span style=\"color: #ffffff;\">\u2013 Dermatitis Al\u00e9rgica a la picadura de pulga (DAPP)<\/span><span style=\"color: #ffffff;\"><br \/><\/span><span style=\"color: #ffffff;\">\u2013 Dermatitis at\u00f3pica<\/span><span style=\"color: #ffffff;\"><br \/><\/span><span style=\"color: #ffffff;\">\u2013 Penfigo Foliaceo<\/span><span style=\"color: #ffffff;\"><br \/><\/span><span style=\"color: #ffffff;\">\u2013 Enfermedades autoinmunes<\/span><span style=\"color: #ffffff;\"><br \/><\/span><span style=\"color: #ffffff;\">\u2013 Reacci\u00f3n adversa a los alimentos<\/span><span style=\"color: #ffffff;\"><br \/><\/span><span style=\"color: #ffffff;\">\u2013 Lupus Erimatoso Discoide (LED)<\/span><span style=\"color: #ffffff;\"><br \/><\/span><span style=\"color: #ffffff;\">\u2013 Hipotiroidismo canino<\/span><span style=\"color: #ffffff;\"><br \/><\/span><span style=\"color: #ffffff;\">\u2013 S\u00edndrome de Cushing<\/span><\/p>\t\t\t\t\t\t\t\t<\/div>\n\t\t\t\t<\/div>\n\t\t\t\t\t<\/div>\n\t\t<\/div>\n\t\t\t\t\t<\/div>\n\t\t<\/section>\n\t\t\t\t<section class=\"elementor-section elementor-top-section elementor-element elementor-element-d962bcb elementor-section-boxed elementor-section-height-default elementor-section-height-default elementor-invisible\" data-id=\"d962bcb\" data-element_type=\"section\" data-e-type=\"section\" data-settings=\"{&quot;background_background&quot;:&quot;classic&quot;,&quot;animation&quot;:&quot;slideInRight&quot;}\">\n\t\t\t\t\t\t<div class=\"elementor-container elementor-column-gap-default\">\n\t\t\t\t\t<div class=\"elementor-column elementor-col-100 elementor-top-column elementor-element elementor-element-3624ee2\" data-id=\"3624ee2\" data-element_type=\"column\" data-e-type=\"column\" data-settings=\"{&quot;background_background&quot;:&quot;classic&quot;,&quot;animation&quot;:&quot;none&quot;}\">\n\t\t\t<div class=\"elementor-widget-wrap elementor-element-populated\">\n\t\t\t\t\t\t<div class=\"elementor-element elementor-element-6e451b0 elementor-widget elementor-widget-spacer\" data-id=\"6e451b0\" data-element_type=\"widget\" data-e-type=\"widget\" data-widget_type=\"spacer.default\">\n\t\t\t\t<div class=\"elementor-widget-container\">\n\t\t\t\t\t\t\t<div class=\"elementor-spacer\">\n\t\t\t<div class=\"elementor-spacer-inner\"><\/div>\n\t\t<\/div>\n\t\t\t\t\t\t<\/div>\n\t\t\t\t<\/div>\n\t\t\t\t\t<\/div>\n\t\t<\/div>\n\t\t\t\t\t<\/div>\n\t\t<\/section>\n\t\t\t\t<\/div>\n\t\t","protected":false},"excerpt":{"rendered":"<p>Dermatolog\u00eda Nuestras mascotas al igual que nosotros cada vez requieren de un mayor cuidado de la piel. Las mascotas presentan cuadros cl\u00ednicos cut\u00e1neos similares a los de los humanos, entre&hellip;&nbsp;<a href=\"https:\/\/vivetlasrozas.com\/index.php\/dermatologia\/\" rel=\"bookmark\">Leer m\u00e1s &raquo;<span class=\"screen-reader-text\">Dermatolog\u00eda<\/span><\/a><\/p>\n","protected":false},"author":1,"featured_media":0,"parent":0,"menu_order":0,"comment_status":"closed","ping_status":"closed","template":"","meta":{"_monsterinsights_skip_tracking":false,"_monsterinsights_sitenote_active":false,"_monsterinsights_sitenote_note":"","_monsterinsights_sitenote_category":0,"neve_meta_sidebar":"","neve_meta_container":"","neve_meta_enable_content_width":"off","neve_meta_content_width":100,"neve_meta_title_alignment":"","neve_meta_author_avatar":"","neve_post_elements_order":"","neve_meta_disable_header":"","neve_meta_disable_footer":"","neve_meta_disable_title":"on","footnotes":""},"class_list":["post-424","page","type-page","status-publish","hentry"],"aioseo_notices":[],"jetpack_sharing_enabled":true,"_links":{"self":[{"href":"https:\/\/vivetlasrozas.com\/index.php\/wp-json\/wp\/v2\/pages\/424","targetHints":{"allow":["GET"]}}],"collection":[{"href":"https:\/\/vivetlasrozas.com\/index.php\/wp-json\/wp\/v2\/pages"}],"about":[{"href":"https:\/\/vivetlasrozas.com\/index.php\/wp-json\/wp\/v2\/types\/page"}],"author":[{"embeddable":true,"href":"https:\/\/vivetlasrozas.com\/index.php\/wp-json\/wp\/v2\/users\/1"}],"replies":[{"embeddable":true,"href":"https:\/\/vivetlasrozas.com\/index.php\/wp-json\/wp\/v2\/comments?post=424"}],"version-history":[{"count":47,"href":"https:\/\/vivetlasrozas.com\/index.php\/wp-json\/wp\/v2\/pages\/424\/revisions"}],"predecessor-version":[{"id":2620,"href":"https:\/\/vivetlasrozas.com\/index.php\/wp-json\/wp\/v2\/pages\/424\/revisions\/2620"}],"wp:attachment":[{"href":"https:\/\/vivetlasrozas.com\/index.php\/wp-json\/wp\/v2\/media?parent=424"}],"curies":[{"name":"wp","href":"https:\/\/api.w.org\/{rel}","templated":true}]}}