{"id":442,"date":"2021-08-14T13:40:42","date_gmt":"2021-08-14T13:40:42","guid":{"rendered":"https:\/\/vivetlasrozas.com\/?page_id=442"},"modified":"2023-12-17T11:55:03","modified_gmt":"2023-12-17T11:55:03","slug":"desparasitacion-y-vacunacion","status":"publish","type":"page","link":"https:\/\/vivetlasrozas.com\/index.php\/desparasitacion-y-vacunacion\/","title":{"rendered":"Desparasitaci\u00f3n y Vacunaci\u00f3n"},"content":{"rendered":"\t\t<div data-elementor-type=\"wp-page\" data-elementor-id=\"442\" class=\"elementor elementor-442\" data-elementor-post-type=\"page\">\n\t\t\t\t\t\t<section class=\"elementor-section elementor-top-section elementor-element elementor-element-46dfdae4 elementor-section-boxed elementor-section-height-default elementor-section-height-default\" data-id=\"46dfdae4\" data-element_type=\"section\" data-e-type=\"section\">\n\t\t\t\t\t\t<div class=\"elementor-container elementor-column-gap-default\">\n\t\t\t\t\t<div class=\"elementor-column elementor-col-100 elementor-top-column elementor-element elementor-element-51d66a2c\" data-id=\"51d66a2c\" data-element_type=\"column\" data-e-type=\"column\">\n\t\t\t<div class=\"elementor-widget-wrap elementor-element-populated\">\n\t\t\t\t\t\t<div class=\"elementor-element elementor-element-52c6b64e elementor-widget elementor-widget-spacer\" data-id=\"52c6b64e\" data-element_type=\"widget\" data-e-type=\"widget\" data-widget_type=\"spacer.default\">\n\t\t\t\t<div class=\"elementor-widget-container\">\n\t\t\t\t\t\t\t<div class=\"elementor-spacer\">\n\t\t\t<div class=\"elementor-spacer-inner\"><\/div>\n\t\t<\/div>\n\t\t\t\t\t\t<\/div>\n\t\t\t\t<\/div>\n\t\t\t\t\t<\/div>\n\t\t<\/div>\n\t\t\t\t\t<\/div>\n\t\t<\/section>\n\t\t\t\t<section class=\"elementor-section elementor-top-section elementor-element elementor-element-239580d4 elementor-section-full_width elementor-section-height-min-height elementor-section-items-stretch elementor-section-content-bottom elementor-section-height-default\" data-id=\"239580d4\" data-element_type=\"section\" data-e-type=\"section\">\n\t\t\t\t\t\t<div class=\"elementor-container elementor-column-gap-no\">\n\t\t\t\t\t<div class=\"elementor-column elementor-col-50 elementor-top-column elementor-element elementor-element-7cca78a animated-slow elementor-invisible\" data-id=\"7cca78a\" data-element_type=\"column\" data-e-type=\"column\" data-settings=\"{&quot;background_background&quot;:&quot;classic&quot;,&quot;animation&quot;:&quot;fadeInLeft&quot;}\">\n\t\t\t<div class=\"elementor-widget-wrap elementor-element-populated\">\n\t\t\t\t\t\t<div class=\"elementor-element elementor-element-2e87f5a animated-slow elementor-invisible elementor-widget elementor-widget-heading\" data-id=\"2e87f5a\" data-element_type=\"widget\" data-e-type=\"widget\" data-settings=\"{&quot;_animation&quot;:&quot;zoomIn&quot;}\" data-widget_type=\"heading.default\">\n\t\t\t\t<div class=\"elementor-widget-container\">\n\t\t\t\t\t<h1 class=\"elementor-heading-title elementor-size-default\">Vacunaci\u00f3n<\/h1>\t\t\t\t<\/div>\n\t\t\t\t<\/div>\n\t\t\t\t<div class=\"elementor-element elementor-element-336d8ac elementor-widget__width-initial elementor-invisible elementor-widget elementor-widget-text-editor\" data-id=\"336d8ac\" data-element_type=\"widget\" data-e-type=\"widget\" data-settings=\"{&quot;_animation&quot;:&quot;fadeInUp&quot;}\" data-widget_type=\"text-editor.default\">\n\t\t\t\t<div class=\"elementor-widget-container\">\n\t\t\t\t\t\t\t\t\t<p><span style=\"color: #ffffff;\">Mantener a nuestras mascotas protegidas lo m\u00e1ximo posible frente a enfermedades infecto contagiosas es muy importante, pues muchas de estas enfermedades se encuentran con bastante facilidad en los ambientes en los que se mueven y casi todas ellas podr\u00edan llegar a ser mortales.<\/span><\/p><p><span style=\"color: #ffffff;\"> Adem\u00e1s en Madrid es obligatoria la vacunaci\u00f3n anual contra el virus de la Rabia. En Vivet gracias a nuestro programa de gesti\u00f3n de la cartilla vacunacional mantendremos a tu mascota siempre protegida y te informaremos mediante mensaje cuando le toquen las revacunaciones.<\/span><\/p>\t\t\t\t\t\t\t\t<\/div>\n\t\t\t\t<\/div>\n\t\t\t\t\t<\/div>\n\t\t<\/div>\n\t\t\t\t<div class=\"elementor-column elementor-col-50 elementor-top-column elementor-element elementor-element-13b9bc81 animated-slow elementor-invisible\" data-id=\"13b9bc81\" data-element_type=\"column\" data-e-type=\"column\" data-settings=\"{&quot;background_background&quot;:&quot;classic&quot;,&quot;animation&quot;:&quot;fadeInLeft&quot;}\">\n\t\t\t<div class=\"elementor-widget-wrap elementor-element-populated\">\n\t\t\t\t\t\t<div class=\"elementor-element elementor-element-c9fd460 elementor-invisible elementor-widget elementor-widget-image\" data-id=\"c9fd460\" data-element_type=\"widget\" data-e-type=\"widget\" data-settings=\"{&quot;_animation&quot;:&quot;fadeInRight&quot;}\" data-widget_type=\"image.default\">\n\t\t\t\t<div class=\"elementor-widget-container\">\n\t\t\t\t\t\t\t\t\t\t\t\t\t\t\t<img fetchpriority=\"high\" decoding=\"async\" width=\"400\" height=\"400\" src=\"https:\/\/vivetlasrozas.com\/wp-content\/uploads\/2021\/10\/desprasitacion_vacunacion.fw_.png\" class=\"attachment-large size-large wp-image-961\" alt=\"vacunaci\u00f3n\" srcset=\"https:\/\/vivetlasrozas.com\/wp-content\/uploads\/2021\/10\/desprasitacion_vacunacion.fw_.png 400w, https:\/\/vivetlasrozas.com\/wp-content\/uploads\/2021\/10\/desprasitacion_vacunacion.fw_-300x300.png 300w, https:\/\/vivetlasrozas.com\/wp-content\/uploads\/2021\/10\/desprasitacion_vacunacion.fw_-150x150.png 150w\" sizes=\"(max-width: 400px) 100vw, 400px\" \/>\t\t\t\t\t\t\t\t\t\t\t\t\t\t\t<\/div>\n\t\t\t\t<\/div>\n\t\t\t\t<div class=\"elementor-element elementor-element-37d42fc2 animated-slow elementor-invisible elementor-widget elementor-widget-heading\" data-id=\"37d42fc2\" data-element_type=\"widget\" data-e-type=\"widget\" data-settings=\"{&quot;_animation&quot;:&quot;zoomIn&quot;}\" data-widget_type=\"heading.default\">\n\t\t\t\t<div class=\"elementor-widget-container\">\n\t\t\t\t\t<h1 class=\"elementor-heading-title elementor-size-default\">Desparasitaci\u00f3n<\/h1>\t\t\t\t<\/div>\n\t\t\t\t<\/div>\n\t\t\t\t<div class=\"elementor-element elementor-element-2a555ea8 elementor-widget__width-initial elementor-invisible elementor-widget elementor-widget-text-editor\" data-id=\"2a555ea8\" data-element_type=\"widget\" data-e-type=\"widget\" data-settings=\"{&quot;_animation&quot;:&quot;fadeInUp&quot;}\" data-widget_type=\"text-editor.default\">\n\t\t\t\t<div class=\"elementor-widget-container\">\n\t\t\t\t\t\t\t\t\t<p><span style=\"color: #ffffff;\">\u00bfSab\u00edas que algunos de los par\u00e1sitos de tu mascota son transmisibles a las personas?<\/span><\/p><p><span style=\"color: #ffffff;\">Por ello es importante desparasitar correctamente a nuestras mascotas para garantizar su salud y la nuestra.<\/span><\/p>\t\t\t\t\t\t\t\t<\/div>\n\t\t\t\t<\/div>\n\t\t\t\t\t<\/div>\n\t\t<\/div>\n\t\t\t\t\t<\/div>\n\t\t<\/section>\n\t\t\t\t<section class=\"elementor-section elementor-top-section elementor-element elementor-element-f6ba753 elementor-section-full_width elementor-section-height-default elementor-section-height-default\" data-id=\"f6ba753\" data-element_type=\"section\" data-e-type=\"section\">\n\t\t\t\t\t\t<div class=\"elementor-container elementor-column-gap-default\">\n\t\t\t\t\t<div class=\"elementor-column elementor-col-100 elementor-top-column elementor-element elementor-element-51104d5 elementor-invisible\" data-id=\"51104d5\" data-element_type=\"column\" data-e-type=\"column\" data-settings=\"{&quot;background_background&quot;:&quot;gradient&quot;,&quot;animation&quot;:&quot;slideInRight&quot;}\">\n\t\t\t<div class=\"elementor-widget-wrap elementor-element-populated\">\n\t\t\t\t\t\t<div class=\"elementor-element elementor-element-9c8291c elementor-widget elementor-widget-heading\" data-id=\"9c8291c\" data-element_type=\"widget\" data-e-type=\"widget\" data-widget_type=\"heading.default\">\n\t\t\t\t<div class=\"elementor-widget-container\">\n\t\t\t\t\t<h2 class=\"elementor-heading-title elementor-size-default\">Problemas frecuentes<\/h2>\t\t\t\t<\/div>\n\t\t\t\t<\/div>\n\t\t\t\t\t<\/div>\n\t\t<\/div>\n\t\t\t\t\t<\/div>\n\t\t<\/section>\n\t\t\t\t<section class=\"elementor-section elementor-top-section elementor-element elementor-element-281b64ac elementor-section-full_width elementor-section-height-default elementor-section-height-default elementor-invisible\" data-id=\"281b64ac\" data-element_type=\"section\" data-e-type=\"section\" data-settings=\"{&quot;animation&quot;:&quot;slideInRight&quot;}\">\n\t\t\t\t\t\t<div class=\"elementor-container elementor-column-gap-default\">\n\t\t\t\t\t<div class=\"elementor-column elementor-col-50 elementor-top-column elementor-element elementor-element-aa2a3e3\" data-id=\"aa2a3e3\" data-element_type=\"column\" data-e-type=\"column\" data-settings=\"{&quot;background_background&quot;:&quot;classic&quot;,&quot;animation&quot;:&quot;none&quot;}\">\n\t\t\t<div class=\"elementor-widget-wrap elementor-element-populated\">\n\t\t\t\t\t\t<div class=\"elementor-element elementor-element-61f3217 elementor-widget elementor-widget-text-editor\" data-id=\"61f3217\" data-element_type=\"widget\" data-e-type=\"widget\" data-widget_type=\"text-editor.default\">\n\t\t\t\t<div class=\"elementor-widget-container\">\n\t\t\t\t\t\t\t\t\t<p><span style=\"color: #ffffff; font-weight: bold;\">Es necesario proteger a nuestras mascotas frente a:<\/span><\/p><p><span style=\"color: #ffffff;\">Parasitos externos :<\/span><\/p><ul><li><span style=\"color: #ffffff;\">Garrapatas <\/span><\/li><li><span style=\"color: #ffffff;\">Pulgas<\/span><\/li><li><span style=\"color: #ffffff;\">\u00c1caros (Sarnas) <\/span><\/li><li><span style=\"color: #ffffff;\">Mosquitos transmisores de enfermedades<\/span><\/li><\/ul><div>\u00a0<\/div><p><span style=\"color: #ffffff;\">Parasitos internos :<\/span><\/p><ul><li><span style=\"color: #ffffff;\">Gusanos intestinales ( Nemat\u00f3dos y Cest\u00f3dos)<\/span><\/li><li><span style=\"color: #ffffff;\">Coccidios<\/span><\/li><li><span style=\"color: #ffffff;\">Gusano del coraz\u00f3n ( Dirofliaria spp)<\/span><\/li><\/ul>\t\t\t\t\t\t\t\t<\/div>\n\t\t\t\t<\/div>\n\t\t\t\t\t<\/div>\n\t\t<\/div>\n\t\t\t\t<div class=\"elementor-column elementor-col-50 elementor-top-column elementor-element elementor-element-58acddd4\" data-id=\"58acddd4\" data-element_type=\"column\" data-e-type=\"column\" data-settings=\"{&quot;background_background&quot;:&quot;classic&quot;,&quot;animation&quot;:&quot;none&quot;}\">\n\t\t\t<div class=\"elementor-widget-wrap elementor-element-populated\">\n\t\t\t\t\t\t<div class=\"elementor-element elementor-element-d077939 elementor-widget elementor-widget-text-editor\" data-id=\"d077939\" data-element_type=\"widget\" data-e-type=\"widget\" data-widget_type=\"text-editor.default\">\n\t\t\t\t<div class=\"elementor-widget-container\">\n\t\t\t\t\t\t\t\t\t<p><span style=\"color: #ffffff;\">Enfermedades infecto-contagiosas:<\/span><\/p>\t\t\t\t\t\t\t\t<\/div>\n\t\t\t\t<\/div>\n\t\t\t\t<div class=\"elementor-element elementor-element-6e59974 elementor-widget elementor-widget-text-editor\" data-id=\"6e59974\" data-element_type=\"widget\" data-e-type=\"widget\" data-widget_type=\"text-editor.default\">\n\t\t\t\t<div class=\"elementor-widget-container\">\n\t\t\t\t\t\t\t\t\t<ul><li><span style=\"color: #ffffff;\">Parvovirus canino<\/span><\/li><li><span style=\"color: #ffffff;\">Leucemia Felina<\/span><\/li><li><span style=\"color: #ffffff;\">Moquillo canino<\/span><\/li><li><span style=\"color: #ffffff;\">Herpesvirus felino<\/span><\/li><li><span style=\"color: #ffffff;\">Parainfluenza canina<\/span><\/li><li><span style=\"color: #ffffff;\">Caliciviruis Felino<\/span><\/li><li><span style=\"color: #ffffff;\">Hepatitis canina<\/span><\/li><li><span style=\"color: #ffffff;\">Clamidia Felina<\/span><\/li><li><span style=\"color: #ffffff;\">Leptospirosis canina<\/span><\/li><li><span style=\"color: #ffffff;\">Rabia Felina<\/span><\/li><li><span style=\"color: #ffffff;\">Tos de las perreras<\/span><\/li><li><span style=\"color: #ffffff;\">Peritonitis infecciosa felina<\/span><\/li><li><span style=\"color: #ffffff;\">Leishmaniosis<\/span><\/li><li><span style=\"color: #ffffff;\">Rabia cani<\/span><\/li><\/ul>\t\t\t\t\t\t\t\t<\/div>\n\t\t\t\t<\/div>\n\t\t\t\t\t<\/div>\n\t\t<\/div>\n\t\t\t\t\t<\/div>\n\t\t<\/section>\n\t\t\t\t<section class=\"elementor-section elementor-top-section elementor-element elementor-element-27a5729 elementor-section-full_width elementor-section-height-default elementor-section-height-default elementor-invisible\" data-id=\"27a5729\" data-element_type=\"section\" data-e-type=\"section\" data-settings=\"{&quot;background_background&quot;:&quot;classic&quot;,&quot;animation&quot;:&quot;slideInRight&quot;}\">\n\t\t\t\t\t\t<div class=\"elementor-container elementor-column-gap-default\">\n\t\t\t\t\t<div class=\"elementor-column elementor-col-100 elementor-top-column elementor-element elementor-element-383a0ae\" data-id=\"383a0ae\" data-element_type=\"column\" data-e-type=\"column\">\n\t\t\t<div class=\"elementor-widget-wrap elementor-element-populated\">\n\t\t\t\t\t\t<div class=\"elementor-element elementor-element-2dc5046 elementor-widget elementor-widget-spacer\" data-id=\"2dc5046\" data-element_type=\"widget\" data-e-type=\"widget\" data-widget_type=\"spacer.default\">\n\t\t\t\t<div class=\"elementor-widget-container\">\n\t\t\t\t\t\t\t<div class=\"elementor-spacer\">\n\t\t\t<div class=\"elementor-spacer-inner\"><\/div>\n\t\t<\/div>\n\t\t\t\t\t\t<\/div>\n\t\t\t\t<\/div>\n\t\t\t\t\t<\/div>\n\t\t<\/div>\n\t\t\t\t\t<\/div>\n\t\t<\/section>\n\t\t\t\t<\/div>\n\t\t","protected":false},"excerpt":{"rendered":"<p>Vacunaci\u00f3n Mantener a nuestras mascotas protegidas lo m\u00e1ximo posible frente a enfermedades infecto contagiosas es muy importante, pues muchas de estas enfermedades se encuentran con bastante facilidad en los ambientes&hellip;&nbsp;<a href=\"https:\/\/vivetlasrozas.com\/index.php\/desparasitacion-y-vacunacion\/\" rel=\"bookmark\">Leer m\u00e1s &raquo;<span class=\"screen-reader-text\">Desparasitaci\u00f3n y Vacunaci\u00f3n<\/span><\/a><\/p>\n","protected":false},"author":1,"featured_media":0,"parent":0,"menu_order":0,"comment_status":"closed","ping_status":"closed","template":"","meta":{"_monsterinsights_skip_tracking":false,"_monsterinsights_sitenote_active":false,"_monsterinsights_sitenote_note":"","_monsterinsights_sitenote_category":0,"neve_meta_sidebar":"","neve_meta_container":"","neve_meta_enable_content_width":"off","neve_meta_content_width":100,"neve_meta_title_alignment":"","neve_meta_author_avatar":"","neve_post_elements_order":"","neve_meta_disable_header":"","neve_meta_disable_footer":"","neve_meta_disable_title":"on","footnotes":""},"class_list":["post-442","page","type-page","status-publish","hentry"],"aioseo_notices":[],"jetpack_sharing_enabled":true,"_links":{"self":[{"href":"https:\/\/vivetlasrozas.com\/index.php\/wp-json\/wp\/v2\/pages\/442","targetHints":{"allow":["GET"]}}],"collection":[{"href":"https:\/\/vivetlasrozas.com\/index.php\/wp-json\/wp\/v2\/pages"}],"about":[{"href":"https:\/\/vivetlasrozas.com\/index.php\/wp-json\/wp\/v2\/types\/page"}],"author":[{"embeddable":true,"href":"https:\/\/vivetlasrozas.com\/index.php\/wp-json\/wp\/v2\/users\/1"}],"replies":[{"embeddable":true,"href":"https:\/\/vivetlasrozas.com\/index.php\/wp-json\/wp\/v2\/comments?post=442"}],"version-history":[{"count":49,"href":"https:\/\/vivetlasrozas.com\/index.php\/wp-json\/wp\/v2\/pages\/442\/revisions"}],"predecessor-version":[{"id":2629,"href":"https:\/\/vivetlasrozas.com\/index.php\/wp-json\/wp\/v2\/pages\/442\/revisions\/2629"}],"wp:attachment":[{"href":"https:\/\/vivetlasrozas.com\/index.php\/wp-json\/wp\/v2\/media?parent=442"}],"curies":[{"name":"wp","href":"https:\/\/api.w.org\/{rel}","templated":true}]}}